{"id":5,"date":"2021-10-11T15:29:33","date_gmt":"2021-10-11T13:29:33","guid":{"rendered":"https:\/\/kwerenda.zajezdnia.org\/?page_id=5"},"modified":"2022-05-27T14:02:19","modified_gmt":"2022-05-27T12:02:19","slug":"formularz","status":"publish","type":"page","link":"https:\/\/kwerenda.zajezdnia.org\/","title":{"rendered":"Formularz"},"content":{"rendered":"<div class='fluentform ff-default fluentform_wrapper_3  ff_guten_block ffs_default_wrap'><form data-form_id=\"3\" id=\"fluentform_3\" class=\"frm-fluent-form fluent_form_3 ff-el-form-top ff_form_instance_3_1 ff-form-loading ffs_default\" data-form_instance=\"ff_form_instance_3_1\" method=\"POST\" ><fieldset  style=\"border: none!important;margin: 0!important;padding: 0!important;background-color: transparent!important;box-shadow: none!important;outline: none!important; min-inline-size: 100%;\">\n                    <legend class=\"ff_screen_reader_title\" style=\"display: block; margin: 0!important;padding: 0!important;height: 0!important;text-indent: -999999px;width: 0!important;overflow:hidden;\">Formularz kwerendy<\/legend><input type='hidden' name='__fluent_form_embded_post_id' value='5' \/><input type=\"hidden\" id=\"_fluentform_3_fluentformnonce\" name=\"_fluentform_3_fluentformnonce\" value=\"667416ae4d\" \/><input type=\"hidden\" name=\"_wp_http_referer\" value=\"\/index.php\/wp-json\/wp\/v2\/pages\/5\" \/><div data-type=\"name-element\" data-name=\"names\" class=\" ff-field_container ff-name-field-wrapper\" ><div class='ff-t-container'><div class='ff-t-cell '><div class='ff-el-group'><div class=\"ff-el-input--label ff-el-is-required asterisk-right\"><label for='ff_3_names_first_name_' >Imi\u0119<\/label><\/div><div class='ff-el-input--content'><input type=\"text\" name=\"names[first_name]\" id=\"ff_3_names_first_name_\" class=\"ff-el-form-control\" placeholder=\"Imi\u0119\" aria-invalid=\"false\" aria-required=true><\/div><\/div><\/div><div class='ff-t-cell '><div class='ff-el-group'><div class=\"ff-el-input--label ff-el-is-required asterisk-right\"><label for='ff_3_names_last_name_' >Nazwisko<\/label><\/div><div class='ff-el-input--content'><input type=\"text\" name=\"names[last_name]\" id=\"ff_3_names_last_name_\" class=\"ff-el-form-control\" placeholder=\"Nazwisko\" aria-invalid=\"false\" aria-required=true><\/div><\/div><\/div><\/div><\/div><div data-name=\"ff_cn_id_1\"  class='ff-t-container ff-column-container ff_columns_total_2  '><div class='ff-t-cell ff-t-column-1' style='flex-basis: 50%;'><div class='ff-el-group'><div class=\"ff-el-input--label ff-el-is-required asterisk-right\"><label for='ff_3_email' aria-label=\"E-mail\">E-mail<\/label><\/div><div class='ff-el-input--content'><input type=\"email\" name=\"email\" id=\"ff_3_email\" class=\"ff-el-form-control\" placeholder=\"Adres e-mail\" data-name=\"email\"  aria-invalid=\"false\" aria-required=true><\/div><\/div><\/div><div class='ff-t-cell ff-t-column-2' style='flex-basis: 50%;'><div class='ff-el-group'><div class=\"ff-el-input--label ff-el-is-required asterisk-right\"><label for='ff_3_input_text' aria-label=\"Telefon\">Telefon<\/label><\/div><div class='ff-el-input--content'><input type=\"text\" name=\"input_text\" class=\"ff-el-form-control\" placeholder=\"Numer telefonu\" data-name=\"input_text\" id=\"ff_3_input_text\"  aria-invalid=\"false\" aria-required=true><\/div><\/div><\/div><\/div><div data-name=\"ff_cn_id_2\"  class='ff-t-container ff-column-container ff_columns_total_2  '><div class='ff-t-cell ff-t-column-1' style='flex-basis: 50%;'><div class='ff-el-group'><div class=\"ff-el-input--label asterisk-right\"><label for='ff_3_datetime' aria-label=\"Proponowany czas wizyty\">Proponowany czas wizyty<\/label><div class=\"ff-el-tooltip\" data-content=\"Prosimy o wybranie daty minimum z 3 dniowym wyprzedzeniem.\"><svg width=\"16\" height=\"16\" viewBox=\"0 0 25 25\"><path d=\"m329 393l0-46c0-2-1-4-2-6-2-2-4-3-7-3l-27 0 0-146c0-3-1-5-3-7-2-1-4-2-7-2l-91 0c-3 0-5 1-7 2-1 2-2 4-2 7l0 46c0 2 1 5 2 6 2 2 4 3 7 3l27 0 0 91-27 0c-3 0-5 1-7 3-1 2-2 4-2 6l0 46c0 3 1 5 2 7 2 1 4 2 7 2l128 0c3 0 5-1 7-2 1-2 2-4 2-7z m-36-256l0-46c0-2-1-4-3-6-2-2-4-3-7-3l-54 0c-3 0-5 1-7 3-2 2-3 4-3 6l0 46c0 3 1 5 3 7 2 1 4 2 7 2l54 0c3 0 5-1 7-2 2-2 3-4 3-7z m182 119c0 40-9 77-29 110-20 34-46 60-80 80-33 20-70 29-110 29-40 0-77-9-110-29-34-20-60-46-80-80-20-33-29-70-29-110 0-40 9-77 29-110 20-34 46-60 80-80 33-20 70-29 110-29 40 0 77 9 110 29 34 20 60 46 80 80 20 33 29 70 29 110z\" transform=\"scale(0.046875 0.046875)\"><\/path><\/svg><\/div><\/div><div class='ff-el-input--content'><input  aria-label='Proponowany czas wizyty Use arrow keys to navigate dates. Press enter to select a date.'  aria-haspopup='dialog' data-type-datepicker data-format='d\/m\/Y' type=\"text\" name=\"datetime\" id=\"ff_3_datetime\" class=\"ff-el-form-control ff-el-datepicker\" placeholder=\"Wybierz dat\u0119 z kalendarza\" data-name=\"datetime\"  aria-invalid='false' aria-required=false><\/div><\/div><\/div><div class='ff-t-cell ff-t-column-2' style='flex-basis: 50%;'><div class='ff-el-group'><div class=\"ff-el-input--label asterisk-right\"><label for='ff_3_dropdown' aria-label=\"Wybierz godzin\u0119 wizyty\">Wybierz godzin\u0119 wizyty<\/label><\/div><div class='ff-el-input--content'><select name=\"dropdown\" id=\"ff_3_dropdown\" class=\"ff-el-form-control\" data-name=\"dropdown\" data-calc_value=\"0\"  aria-invalid=\"false\" aria-required=false><option value=\"\">&#8211; Wybierz godzin\u0119 z listy rozwijanej &#8211;<\/option><option value=\"9:00\"  >9:00<\/option><option value=\"10:00\"  >10:00<\/option><option value=\"11:00\"  >11:00<\/option><option value=\"12:00\"  >12:00<\/option><option value=\"13:00\"  >13:00<\/option><option value=\"14:00\"  >14:00<\/option><\/select><\/div><\/div><\/div><\/div><div data-name=\"ff_cn_id_3\"  class='ff-t-container ff-column-container ff_columns_total_3  '><div class='ff-t-cell ff-t-column-1' style='flex-basis: 34%;'><\/div><div class='ff-t-cell ff-t-column-2' style='flex-basis: 34%;'><div class='ff-el-group'><div class=\"ff-el-input--label ff-el-is-required asterisk-right\"><label for='ff_3_numeric-field' aria-label=\"Liczba materia\u0142\u00f3w archiwalnych:\">Liczba materia\u0142\u00f3w archiwalnych:<\/label><div class=\"ff-el-tooltip\" data-content=\"W zale\u017cno\u015bci od tego, jak\u0105 liczb\u0119 wpiszesz, tyle p\u00f3l sygnatur pojawi si\u0119 do wype\u0142nienia (maksymalnie 10)\"><svg width=\"16\" height=\"16\" viewBox=\"0 0 25 25\"><path d=\"m329 393l0-46c0-2-1-4-2-6-2-2-4-3-7-3l-27 0 0-146c0-3-1-5-3-7-2-1-4-2-7-2l-91 0c-3 0-5 1-7 2-1 2-2 4-2 7l0 46c0 2 1 5 2 6 2 2 4 3 7 3l27 0 0 91-27 0c-3 0-5 1-7 3-1 2-2 4-2 6l0 46c0 3 1 5 2 7 2 1 4 2 7 2l128 0c3 0 5-1 7-2 1-2 2-4 2-7z m-36-256l0-46c0-2-1-4-3-6-2-2-4-3-7-3l-54 0c-3 0-5 1-7 3-2 2-3 4-3 6l0 46c0 3 1 5 3 7 2 1 4 2 7 2l54 0c3 0 5-1 7-2 2-2 3-4 3-7z m182 119c0 40-9 77-29 110-20 34-46 60-80 80-33 20-70 29-110 29-40 0-77-9-110-29-34-20-60-46-80-80-20-33-29-70-29-110 0-40 9-77 29-110 20-34 46-60 80-80 33-20 70-29 110-29 40 0 77 9 110 29 34 20 60 46 80 80 20 33 29 70 29 110z\" transform=\"scale(0.046875 0.046875)\"><\/path><\/svg><\/div><\/div><div class='ff-el-input--content'><input type=\"number\" name=\"numeric-field\" id=\"ff_3_numeric-field\" class=\"ff-el-form-control\" placeholder=\"Wpisz liczb\u0119 (maksymalnie 10)\" data-name=\"numeric-field\" inputmode=\"numeric\" step=\"any\" max=\"10\" aria-valuemax=\"10\"  aria-invalid=\"false\" aria-required=true><\/div><\/div><\/div><div class='ff-t-cell ff-t-column-3' style='flex-basis: 34%;'><\/div><\/div><div data-name=\"ff_cn_id_4\"  class='ff-t-container ff-column-container ff_columns_total_1 sygnatury '><div class='ff-t-cell ff-t-column-1' style='flex-basis: 100%;'><div class='ff-el-group has-conditions'><div class=\"ff-el-input--label asterisk-right\"><label for='ff_3_input_text_1' aria-label=\"1. sygnatura zamawianych materia\u0142\u00f3w archiwalnych\">1. sygnatura zamawianych materia\u0142\u00f3w archiwalnych<\/label><\/div><div class='ff-el-input--content'><input type=\"text\" name=\"input_text_1\" class=\"ff-el-form-control\" placeholder=\"np.: PL OPiP I-1-2-1\" data-name=\"input_text_1\" id=\"ff_3_input_text_1\"  aria-invalid=\"false\" aria-required=false><\/div><\/div><div class='ff-el-group has-conditions'><div class=\"ff-el-input--label asterisk-right\"><label for='ff_3_input_text_2' aria-label=\"2. sygnatura zamawianych materia\u0142\u00f3w archiwalnych\">2. sygnatura zamawianych materia\u0142\u00f3w archiwalnych<\/label><\/div><div class='ff-el-input--content'><input type=\"text\" name=\"input_text_2\" class=\"ff-el-form-control\" placeholder=\"np.: PL OPiP I-1-2-2\" data-name=\"input_text_2\" id=\"ff_3_input_text_2\"  aria-invalid=\"false\" aria-required=false><\/div><\/div><div class='ff-el-group has-conditions'><div class=\"ff-el-input--label asterisk-right\"><label for='ff_3_input_text_3' aria-label=\"3. sygnatura zamawianych materia\u0142\u00f3w archiwalnych\">3. sygnatura zamawianych materia\u0142\u00f3w archiwalnych<\/label><\/div><div class='ff-el-input--content'><input type=\"text\" name=\"input_text_3\" class=\"ff-el-form-control\" placeholder=\"np.: PL OPiP I-1-2-3\" data-name=\"input_text_3\" id=\"ff_3_input_text_3\"  aria-invalid=\"false\" aria-required=false><\/div><\/div><div class='ff-el-group has-conditions'><div class=\"ff-el-input--label asterisk-right\"><label for='ff_3_input_text_4' aria-label=\"4. sygnatura zamawianych materia\u0142\u00f3w archiwalnych\">4. sygnatura zamawianych materia\u0142\u00f3w archiwalnych<\/label><\/div><div class='ff-el-input--content'><input type=\"text\" name=\"input_text_4\" class=\"ff-el-form-control\" placeholder=\"np.: PL OPiP I-1-2-4\" data-name=\"input_text_4\" id=\"ff_3_input_text_4\"  aria-invalid=\"false\" aria-required=false><\/div><\/div><div class='ff-el-group has-conditions'><div class=\"ff-el-input--label asterisk-right\"><label for='ff_3_input_text_5' aria-label=\"5. sygnatura zamawianych materia\u0142\u00f3w archiwalnych\">5. sygnatura zamawianych materia\u0142\u00f3w archiwalnych<\/label><\/div><div class='ff-el-input--content'><input type=\"text\" name=\"input_text_5\" class=\"ff-el-form-control\" placeholder=\"np.: PL OPiP I-1-2-5\" data-name=\"input_text_5\" id=\"ff_3_input_text_5\"  aria-invalid=\"false\" aria-required=false><\/div><\/div><div class='ff-el-group has-conditions'><div class=\"ff-el-input--label asterisk-right\"><label for='ff_3_input_text_6' aria-label=\"6. sygnatura zamawianych materia\u0142\u00f3w archiwalnych\">6. sygnatura zamawianych materia\u0142\u00f3w archiwalnych<\/label><\/div><div class='ff-el-input--content'><input type=\"text\" name=\"input_text_6\" class=\"ff-el-form-control\" placeholder=\"np.: PL OPiP I-1-2-6\" data-name=\"input_text_6\" id=\"ff_3_input_text_6\"  aria-invalid=\"false\" aria-required=false><\/div><\/div><div class='ff-el-group has-conditions'><div class=\"ff-el-input--label asterisk-right\"><label for='ff_3_input_text_7' aria-label=\"7. sygnatura zamawianych materia\u0142\u00f3w archiwalnych\">7. sygnatura zamawianych materia\u0142\u00f3w archiwalnych<\/label><\/div><div class='ff-el-input--content'><input type=\"text\" name=\"input_text_7\" class=\"ff-el-form-control\" placeholder=\"np.: PL OPiP I-1-2-7\" data-name=\"input_text_7\" id=\"ff_3_input_text_7\"  aria-invalid=\"false\" aria-required=false><\/div><\/div><div class='ff-el-group has-conditions'><div class=\"ff-el-input--label asterisk-right\"><label for='ff_3_input_text_8' aria-label=\"8. sygnatura zamawianych materia\u0142\u00f3w archiwalnych\">8. sygnatura zamawianych materia\u0142\u00f3w archiwalnych<\/label><\/div><div class='ff-el-input--content'><input type=\"text\" name=\"input_text_8\" class=\"ff-el-form-control\" placeholder=\"np.: PL OPiP I-1-2-8\" data-name=\"input_text_8\" id=\"ff_3_input_text_8\"  aria-invalid=\"false\" aria-required=false><\/div><\/div><div class='ff-el-group has-conditions'><div class=\"ff-el-input--label asterisk-right\"><label for='ff_3_input_text_9' aria-label=\"9. sygnatura zamawianych materia\u0142\u00f3w archiwalnych\">9. sygnatura zamawianych materia\u0142\u00f3w archiwalnych<\/label><\/div><div class='ff-el-input--content'><input type=\"text\" name=\"input_text_9\" class=\"ff-el-form-control\" placeholder=\"np.: PL OPiP I-1-2-9\" data-name=\"input_text_9\" id=\"ff_3_input_text_9\"  aria-invalid=\"false\" aria-required=false><\/div><\/div><div class='ff-el-group has-conditions'><div class=\"ff-el-input--label asterisk-right\"><label for='ff_3_input_text_10' aria-label=\"10. sygnatura zamawianych materia\u0142\u00f3w archiwalnych\">10. sygnatura zamawianych materia\u0142\u00f3w archiwalnych<\/label><\/div><div class='ff-el-input--content'><input type=\"text\" name=\"input_text_10\" class=\"ff-el-form-control\" placeholder=\"np.: PL OPiP I-1-2-10\" data-name=\"input_text_10\" id=\"ff_3_input_text_10\"  aria-invalid=\"false\" aria-required=false><\/div><\/div><\/div><\/div><div class='ff-el-group  ff-custom_html' tabindex='-1' data-name=\"custom_html-3_1\" ><hr><\/div><div class='ff-el-group  ff-custom_html' tabindex='-1' data-name=\"custom_html-3_2\" ><h2><span style=\"color: #333333;font-family: -apple-system, BlinkMacSystemFont, Segoe UI, Roboto, Helvetica Neue, Arial, Noto Sans, sans-serif\">Klauzula informacyjna o przetwarzaniu danych osobowych\u00a0<\/span><\/h2>\n<p><b>Zgodnie z art. 13 rozporz\u0105dzenia Parlamentu Europejskiego i Rady (UE) 2016\/679 z 27 kwietnia 2016 r. w sprawie ochrony os\u00f3b fizycznych w zwi\u0105zku z przetwarzaniem danych osobowych i w sprawie swobodnego przep\u0142ywu takich danych oraz uchylenia dyrektywy 95\/46\/WE (zwanego dalej \u201eRODO\u201d lub og\u00f3lnym rozporz\u0105dzeniem o ochronie danych), informujemy, i\u017c:\u00a0<\/b><\/p>\n<p><span style=\"color: #333333;font-family: -apple-system, BlinkMacSystemFont, Segoe UI, Roboto, Helvetica Neue, Arial, Noto Sans, sans-serif\">1. Administratorem Pani\/Pana danych osobowych jest O\u015brodek \u201ePami\u0119\u0107 i Przysz\u0142o\u015b\u0107\u201d z siedzib\u0105 we Wroc\u0142awiu, ul. Grabiszy\u0144ska 184, kod pocztowy 53-235, adres e-mail: sekretariat@zajezdnia.org, tel. (+48) 71 715 96 00.\u00a0<\/span><\/p>\n<p><span style=\"color: #333333;font-family: -apple-system, BlinkMacSystemFont, Segoe UI, Roboto, Helvetica Neue, Arial, Noto Sans, sans-serif\">2. Kontakt z Inspektorem Ochrony Danych Osobowych mo\u017cna uzyska\u0107 pod adresem e-mail: iod@zajezdnia.org;\u00a0<\/span><\/p>\n<p><span style=\"color: #333333;font-family: -apple-system, BlinkMacSystemFont, Segoe UI, Roboto, Helvetica Neue, Arial, Noto Sans, sans-serif\">3. Pani\/Pana dane osobowe przetwarzane b\u0119d\u0105 w celu rozpatrzenia z\u0142o\u017conego wniosku, udost\u0119pnienia zbior\u00f3w O\u015brodka do cel\u00f3w naukowych oraz przeprowadzenia kwerendy. Podstaw\u0119 stanowi art. 6 ust. 1 lit. a,c Rozporz\u0105dzenia \u201eRODO\u201d;\u00a0<\/span><\/p>\n<p><span style=\"color: #333333;font-family: -apple-system, BlinkMacSystemFont, Segoe UI, Roboto, Helvetica Neue, Arial, Noto Sans, sans-serif\">4. Pani\/Pana dane osobowe b\u0119d\u0105 przechowywane i przetwarzane przez okres i do czasu ustania celu ich przetwarzania, lecz nie kr\u00f3cej ni\u017c okres wskazany w przepisach o archiwizacji;\u00a0<\/span><\/p>\n<p><span style=\"color: #333333;font-family: -apple-system, BlinkMacSystemFont, Segoe UI, Roboto, Helvetica Neue, Arial, Noto Sans, sans-serif\">5. Posiada Pani\/Pan prawo dost\u0119pu do tre\u015bci swoich danych oraz prawo ich sprostowania, usuni\u0119cia, ograniczenia przetwarzania, prawo do przenoszenia danych, prawo wniesienia sprzeciwu, co do danych osobowych, kt\u00f3rych podanie jest dobrowolne, prawo do cofni\u0119cia zgody na ich przetwarzanie w dowolnym momencie bez wp\u0142ywu na zgodno\u015b\u0107 z prawem przetwarzania, kt\u00f3rego dokonano na podstawie zgody wyra\u017conej przed jej cofni\u0119ciem;\u00a0<\/span><\/p>\n<p><span style=\"color: #333333;font-family: -apple-system, BlinkMacSystemFont, Segoe UI, Roboto, Helvetica Neue, Arial, Noto Sans, sans-serif\">6. O\u015bwiadczenie o cofni\u0119ciu zgody na przetwarzanie danych osobowych wymaga jego z\u0142o\u017cenia w formie pisemnej lub elektronicznej na adres mailowy:sekretariat@zajezdnia.org lub iod@zajezdnia.org;\u00a0<\/span><\/p>\n<p><span style=\"color: #333333;font-family: -apple-system, BlinkMacSystemFont, Segoe UI, Roboto, Helvetica Neue, Arial, Noto Sans, sans-serif\">7. Ma Pani\/Pan prawo wniesienia skargi do Prezesa Urz\u0119du Ochrony Danych Osobowych gdy uzna, i\u017c przetwarzanie danych osobowych dotycz\u0105cych Pani\/Pana, narusza przepisy &#8211; Urz\u0105d Ochrony Danych Osobowych ul. Stawki 2, 00- 193 Warszawa, tel. 22 531 03 00, fax 22 531 03 01, e-mail: kancelaria@uodo.gov.pl;\u00a0<\/span><\/p>\n<p><span style=\"color: #333333;font-family: -apple-system, BlinkMacSystemFont, Segoe UI, Roboto, Helvetica Neue, Arial, Noto Sans, sans-serif\">8. Dane udost\u0119pnione przez Pani\u0105\/Pana nie b\u0119d\u0105 podlega\u0142y udost\u0119pnieniu podmiotom trzecim. Odbiorcami danych b\u0119d\u0105 tylko osoby, jednostki lub instytucje upowa\u017cnione do tego z mocy prawa.\u00a0<\/span><\/p>\n<p><span style=\"color: #333333;font-family: -apple-system, BlinkMacSystemFont, Segoe UI, Roboto, Helvetica Neue, Arial, Noto Sans, sans-serif\">9. Podanie danych osobowych odbywa si\u0119 na podstawie obowi\u0105zuj\u0105cych regulacji prawnych, przy czym konsekwencj\u0105 odmowy podania przez Pani\u0105\/Pana danych osobowych b\u0119dzie brak mo\u017cliwo\u015bci realizacji przedmiotowego wniosku.<\/span><\/p>\n<p><span style=\"color: #333333;font-family: -apple-system, BlinkMacSystemFont, Segoe UI, Roboto, Helvetica Neue, Arial, Noto Sans, sans-serif\">10. Przetwarzane dane osobowe nie podlegaj\u0105 profilowaniu.<\/span><\/p><\/div><div class='ff-el-group    ff-el-input--content'><div class='ff-el-form-check ff-el-tc'><label aria-label='Wyra\u017cam zgod\u0119 na przetwarzanie danych *' class='ff-el-form-check-label ff_tc_label' for=terms-n-condition_4296d82e55d078eaf7df76532f92397d><span class='ff_tc_checkbox'><input type=\"checkbox\" name=\"terms-n-condition\" class=\"ff-el-form-check-input\" data-name=\"terms-n-condition\" id=\"terms-n-condition_4296d82e55d078eaf7df76532f92397d\"  value='on' aria-invalid='false' aria-required=true><\/span> <div class='ff_t_c'><p><strong>Wyra\u017cam zgod\u0119 na przetwarzanie danych<\/strong> <span style=\"color: #ff0000\"><strong>*<\/strong><\/span><\/p><\/div><\/label><\/div><\/div><div class='ff-el-group  ff-custom_html' tabindex='-1' data-name=\"custom_html-3_3\" ><hr><\/div><div class='ff-el-group ff-text-left ff_submit_btn_wrapper'><button type=\"submit\" class=\"ff-btn ff-btn-submit ff-btn-lg ff_btn_style\" >Wy\u015blij formularz<\/button><\/div><\/fieldset><\/form><div id='fluentform_3_errors' class='ff-errors-in-stack ff_form_instance_3_1 ff-form-loading_errors ff_form_instance_3_1_errors'><\/div><\/div>        <script type=\"text\/javascript\">\n            window.fluent_form_ff_form_instance_3_1 = {\"id\":\"3\",\"settings\":{\"layout\":{\"labelPlacement\":\"top\",\"helpMessagePlacement\":\"with_label\",\"errorMessagePlacement\":\"inline\",\"asteriskPlacement\":\"asterisk-right\"},\"id\":\"39\",\"restrictions\":{\"denyEmptySubmission\":{\"enabled\":false}}},\"form_instance\":\"ff_form_instance_3_1\",\"form_id_selector\":\"fluentform_3\",\"rules\":{\"names[first_name]\":{\"required\":{\"value\":true,\"message\":\"To pole jest wymagane\"}},\"names[middle_name]\":{\"required\":{\"value\":false,\"message\":\"This field is required\"}},\"names[last_name]\":{\"required\":{\"value\":true,\"message\":\"To pole jest wymagane\"}},\"email\":{\"required\":{\"value\":true,\"message\":\"To pole jest wymagane\"},\"email\":{\"value\":true,\"message\":\"To pole musi by\\u0107 poprawnie wype\\u0142nione (adres e-mail)\"}},\"input_text\":{\"required\":{\"value\":true,\"message\":\"To pole jest wymagane\"}},\"datetime\":{\"required\":{\"value\":false,\"message\":\"This field is required\"}},\"dropdown\":{\"required\":{\"value\":false,\"message\":\"This field is required\"}},\"numeric-field\":{\"required\":{\"value\":true,\"message\":\"To pole jest wymagane\"},\"numeric\":{\"value\":true,\"message\":\"This field must contain numeric value\"},\"min\":{\"value\":\"\",\"message\":\"Minimum value is \"},\"max\":{\"value\":\"10\",\"message\":\"Maksymalna warto\\u015b\\u0107 to 10\"},\"digits\":{\"value\":\"\",\"message\":\"Wpisz liczb\\u0119 ca\\u0142kowit\\u0105!\"}},\"input_text_1\":{\"required\":{\"value\":false,\"message\":\"This field is required\"}},\"input_text_2\":{\"required\":{\"value\":false,\"message\":\"This field is required\"}},\"input_text_3\":{\"required\":{\"value\":false,\"message\":\"This field is required\"}},\"input_text_4\":{\"required\":{\"value\":false,\"message\":\"This field is required\"}},\"input_text_5\":{\"required\":{\"value\":false,\"message\":\"This field is required\"}},\"input_text_6\":{\"required\":{\"value\":false,\"message\":\"This field is required\"}},\"input_text_7\":{\"required\":{\"value\":false,\"message\":\"This field is required\"}},\"input_text_8\":{\"required\":{\"value\":false,\"message\":\"This field is required\"}},\"input_text_9\":{\"required\":{\"value\":false,\"message\":\"This field is required\"}},\"input_text_10\":{\"required\":{\"value\":false,\"message\":\"This field is required\"}},\"terms-n-condition\":{\"required\":{\"value\":true,\"message\":\"To pole jest wymagane, \\u017ceby\\u015bmy mogli przetworzy\\u0107 Twoje dane\"}}},\"debounce_time\":300,\"conditionals\":{\"input_text_1\":{\"type\":\"any\",\"status\":true,\"conditions\":[{\"field\":\"numeric-field\",\"value\":\"1\",\"operator\":\">=\"}]},\"input_text_2\":{\"type\":\"any\",\"status\":true,\"conditions\":[{\"field\":\"numeric-field\",\"value\":\"2\",\"operator\":\">=\"}]},\"input_text_3\":{\"type\":\"any\",\"status\":true,\"conditions\":[{\"field\":\"numeric-field\",\"value\":\"3\",\"operator\":\">=\"}]},\"input_text_4\":{\"type\":\"any\",\"status\":true,\"conditions\":[{\"field\":\"numeric-field\",\"value\":\"4\",\"operator\":\">=\"}]},\"input_text_5\":{\"type\":\"any\",\"status\":true,\"conditions\":[{\"field\":\"numeric-field\",\"value\":\"5\",\"operator\":\">=\"}]},\"input_text_6\":{\"type\":\"any\",\"status\":true,\"conditions\":[{\"field\":\"numeric-field\",\"value\":\"6\",\"operator\":\">=\"}]},\"input_text_7\":{\"type\":\"any\",\"status\":true,\"conditions\":[{\"field\":\"numeric-field\",\"value\":\"7\",\"operator\":\">=\"}]},\"input_text_8\":{\"type\":\"any\",\"status\":true,\"conditions\":[{\"field\":\"numeric-field\",\"value\":\"8\",\"operator\":\">=\"}]},\"input_text_9\":{\"type\":\"any\",\"status\":true,\"conditions\":[{\"field\":\"numeric-field\",\"value\":\"9\",\"operator\":\">=\"}]},\"input_text_10\":{\"type\":\"any\",\"status\":true,\"conditions\":[{\"field\":\"numeric-field\",\"value\":\"10\",\"operator\":\">=\"}]}}};\n                    <\/script>\n        ","protected":false},"excerpt":{"rendered":"","protected":false},"author":1,"featured_media":0,"parent":0,"menu_order":0,"comment_status":"closed","ping_status":"closed","template":"","meta":{"footnotes":""},"class_list":["post-5","page","type-page","status-publish","hentry"],"_links":{"self":[{"href":"https:\/\/kwerenda.zajezdnia.org\/index.php\/wp-json\/wp\/v2\/pages\/5","targetHints":{"allow":["GET"]}}],"collection":[{"href":"https:\/\/kwerenda.zajezdnia.org\/index.php\/wp-json\/wp\/v2\/pages"}],"about":[{"href":"https:\/\/kwerenda.zajezdnia.org\/index.php\/wp-json\/wp\/v2\/types\/page"}],"author":[{"embeddable":true,"href":"https:\/\/kwerenda.zajezdnia.org\/index.php\/wp-json\/wp\/v2\/users\/1"}],"replies":[{"embeddable":true,"href":"https:\/\/kwerenda.zajezdnia.org\/index.php\/wp-json\/wp\/v2\/comments?post=5"}],"version-history":[{"count":3,"href":"https:\/\/kwerenda.zajezdnia.org\/index.php\/wp-json\/wp\/v2\/pages\/5\/revisions"}],"predecessor-version":[{"id":47,"href":"https:\/\/kwerenda.zajezdnia.org\/index.php\/wp-json\/wp\/v2\/pages\/5\/revisions\/47"}],"wp:attachment":[{"href":"https:\/\/kwerenda.zajezdnia.org\/index.php\/wp-json\/wp\/v2\/media?parent=5"}],"curies":[{"name":"wp","href":"https:\/\/api.w.org\/{rel}","templated":true}]}}